{"id":1940,"date":"2025-01-04T17:40:40","date_gmt":"2025-01-04T16:40:40","guid":{"rendered":"https:\/\/www.zaluzienz.sk\/?page_id=1940"},"modified":"2025-08-12T13:30:19","modified_gmt":"2025-08-12T11:30:19","slug":"uvod","status":"publish","type":"page","link":"https:\/\/www.zaluzienz.sk\/cs\/","title":{"rendered":"\u00davod"},"content":{"rendered":"\r\n\t<\/div><\/div>\r\n\r\n\r\n\t<section class=\"home-banner\">\r\n\t\t\t\t<div class=\"home-banner__content\">\r\n\t\t\t<h1><span>In\u0161talujeme tienenie,<\/span><br \/>poskytujeme poradenstvo aj servis<\/h1>\r\n\t\t\t<p><\/p>\r\n\t\t\t<div class=\"home-banner__buttons\">\r\n\t\t\t\t<a href=\"https:\/\/www.zaluzienz.sk\/cs\/produkty\/\" class=\"button button--l button--primary\">\r\n\t\t\t\t\tPonuka produktov\t\t\t\t<\/a>\r\n\t\t\t\t<a href=\"https:\/\/www.zaluzienz.sk\/kontakt\/\" class=\"button button--l button--secondary--azure\">\r\n\t\t\t\t\tKontakt\t\t\t\t<\/a>\r\n\t\t\t<\/div>\r\n\t\t<\/div>\r\n\r\n\t\t<div class=\"home-banner__view\">\r\n\t\t\t<a href=\"https:\/\/www.zaluzienz.sk\/cs\/vnutorne-zaluzie\/\" class=\"home-banner__view__point home-banner__view__point--1\">\r\n\t\t\t\t<span>Vn\u00fatorn\u00e9 \u017eal\u00fazie<\/span>\r\n\t\t\t<\/a>\r\n\r\n\t\t\t<a href=\"https:\/\/www.zaluzienz.sk\/cs\/markizy\/\" class=\"home-banner__view__point home-banner__view__point--2\">\r\n\t\t\t\t<span>Mark\u00edzy<\/span>\r\n\t\t\t<\/a>\r\n\r\n\t\t\t<a href=\"https:\/\/www.zaluzienz.sk\/cs\/latkove-tienenie\/\" class=\"home-banner__view__point home-banner__view__point--left home-banner__view__point--3\">\r\n                <span>Vn\u00fatorn\u00e9 l\u00e1tkov\u00e9 tienenie<\/span>\r\n\t\t\t<\/a>\r\n\t\t\t<a href=\"https:\/\/www.zaluzienz.sk\/cs\/screenove-rolety\/\" class=\"home-banner__view__point home-banner__view__point--4\">\r\n\t\t\t\t<span>Screenov\u00e9 rolety<\/span>\r\n\t\t\t<\/a>\r\n\t\t\t<a href=\"https:\/\/www.zaluzienz.sk\/cs\/dverne-siete\/\" class=\"home-banner__view__point home-banner__view__point--5\">\r\n\t\t\t\t<span>Siete proti hmyzu<\/span>\r\n\t\t\t<\/a>\r\n\t\t\t<a href=\"https:\/\/www.zaluzienz.sk\/cs\/vonkajsie-rolety\/\" class=\"home-banner__view__point home-banner__view__point--6\">\r\n\t\t\t\t<span>Vonkaj\u0161ie rolety<\/span>\r\n\t\t\t<\/a>\r\n\t\t\t<a href=\"https:\/\/www.zaluzienz.sk\/cs\/pergoly\/\" class=\"home-banner__view__point home-banner__view__point--7\">\r\n                <span>Pergoly<\/span>\r\n\t\t\t<\/a>\r\n\t\t\t<a href=\"https:\/\/www.zaluzienz.sk\/cs\/vonkajsie-zaluzie\/\" class=\"home-banner__view__point home-banner__view__point--bottom home-banner__view__point--8\">\r\n\r\n\t\t\t\t<span>Vonkaj\u0161ie \u017eal\u00fazie<\/span>\r\n\t\t\t<\/a>\r\n\t\t<\/div>\r\n\r\n\t<\/section>\r\n\r\n\r\n\n\n\n<section class=\"home-banner__usps\">\n\t<div class=\"container container--xl\">\n\t\t<div class=\"home-banner__usps__content\">\n\t\t\t<div class=\"container container--lg\">\n\t\t\t\t<div class=\"row\">\n\t\t\t\t\t<div class=\"col-md-6 col-lg-3\">\n\t\t\t\t\t\t<div class=\"home-banner__usps__item\">\n\t\t\t\t\t\t\t\t\t\t\t\t\t\t\t<img decoding=\"async\" data-src=\"https:\/\/www.zaluzienz.sk\/wp-content\/uploads\/sites\/69\/2024\/10\/ChatGPT-Image-23.-4.-2025-14_06_50.png\" width=\"32\"\n\t\t\t\t\t\t\t\t\t height=\"32\" alt=\"\u010cas\" src=\"data:image\/svg+xml;base64,PHN2ZyB3aWR0aD0iMSIgaGVpZ2h0PSIxIiB4bWxucz0iaHR0cDovL3d3dy53My5vcmcvMjAwMC9zdmciPjwvc3ZnPg==\" class=\"lazyload\" style=\"--smush-placeholder-width: 32px; --smush-placeholder-aspect-ratio: 32\/32;\" \/>\n\n\t\t\t\t\t\t\t\t\t\t\t\t\t\t<div>\n\t\t\t\t\t\t\t\t<strong>M\u00e1me sk\u00fasenosti\r\n<\/strong>Dlh\u00e9 roky montujeme tieniacu techniku\t\t\t\t\t\t\t<\/div>\n\t\t\t\t\t\t<\/div>\n\t\t\t\t\t<\/div>\n\t\t\t\t\t<div class=\"col-md-6 col-lg-3\">\n\t\t\t\t\t\t<div class=\"home-banner__usps__item\">\n\t\t\t\t\t\t\t\t\t\t\t\t\t\t\t<img decoding=\"async\" data-src=\"https:\/\/www.zaluzienz.sk\/wp-content\/themes\/climax\/template\/src\/images\/design\/icons\/usps\/Warranty.svg\" width=\"32\"\n\t\t\t\t\t\t\t\t\t height=\"32\" alt=\"Ocenen\u00ed\" src=\"data:image\/svg+xml;base64,PHN2ZyB3aWR0aD0iMSIgaGVpZ2h0PSIxIiB4bWxucz0iaHR0cDovL3d3dy53My5vcmcvMjAwMC9zdmciPjwvc3ZnPg==\" class=\"lazyload\" style=\"--smush-placeholder-width: 32px; --smush-placeholder-aspect-ratio: 32\/32;\" \/>\n\n\t\t\t\t\t\t\t\t\t\t\t\t\t\t<div>\n\t\t\t\t\t\t\t\t<strong>Prvotriedna kvalita\r\n<\/strong>Za to ru\u010d\u00edme z\u00e1rukou 4 roky\t\t\t\t\t\t\t<\/div>\n\t\t\t\t\t\t<\/div>\n\t\t\t\t\t<\/div>\n\t\t\t\t\t<div class=\"col-md-6 col-lg-3\">\n\t\t\t\t\t\t<div class=\"home-banner__usps__item\">\n\t\t\t\t\t\t\t\t\t\t\t\t\t\t\t<img decoding=\"async\" data-src=\"https:\/\/www.zaluzienz.sk\/wp-content\/themes\/climax\/template\/src\/images\/design\/icons\/usps\/Address.svg\" width=\"32\"\n\t\t\t\t\t\t\t\t\t height=\"32\" alt=\"M\u00edsto\" src=\"data:image\/svg+xml;base64,PHN2ZyB3aWR0aD0iMSIgaGVpZ2h0PSIxIiB4bWxucz0iaHR0cDovL3d3dy53My5vcmcvMjAwMC9zdmciPjwvc3ZnPg==\" class=\"lazyload\" style=\"--smush-placeholder-width: 32px; --smush-placeholder-aspect-ratio: 32\/32;\" \/>\n\n\t\t\t\t\t\t\t\t\t\t\t\t\t\t<div>\n\t\t\t\t\t\t\t\t<strong>Z\u00e1jdeme, kam je potrebn\u00e9<\/strong>\r\nP\u00f4sob\u00edme v \u0161irokej oblasti\t\t\t\t\t\t\t<\/div>\n\t\t\t\t\t\t<\/div>\n\t\t\t\t\t<\/div>\n\t\t\t\t\t<div class=\"col-md-6 col-lg-3\">\n\t\t\t\t\t\t<div class=\"home-banner__usps__item\">\n\t\t\t\t\t\t\t\t\t\t\t\t\t\t\t<img decoding=\"async\" data-src=\"https:\/\/www.zaluzienz.sk\/wp-content\/themes\/climax\/template\/src\/images\/design\/icons\/usps\/HandshakeHeart.svg\" width=\"32\"\n\t\t\t\t\t\t\t\t\t height=\"32\" alt=\"Srdce\" src=\"data:image\/svg+xml;base64,PHN2ZyB3aWR0aD0iMSIgaGVpZ2h0PSIxIiB4bWxucz0iaHR0cDovL3d3dy53My5vcmcvMjAwMC9zdmciPjwvc3ZnPg==\" class=\"lazyload\" style=\"--smush-placeholder-width: 32px; --smush-placeholder-aspect-ratio: 32\/32;\" \/>\n\n\t\t\t\t\t\t\t\n\t\t\t\t\t\t\t<div>\n\t\t\t\t\t\t\t\t<strong>\u010co s\u013e\u00fabime, to spln\u00edme<\/strong>\r\nBez oh\u013eadu na ve\u013ekos\u0165 z\u00e1kazky\t\t\t\t\t\t\t<\/div>\n\t\t\t\t\t\t<\/div>\n\t\t\t\t\t<\/div>\n\t\t\t\t<\/div>\n\t\t\t<\/div>\n\t\t<\/div>\n\t<\/div>\n<\/section>\n\n\n<section class=\"home-products\">\n\t<div class=\"container container--xl\">\n\t\t<div class=\"home-products__header\">\n\t\t\t<h2>Na\u0161e produkty se hod\u00ed do ka\u017ed\u00e9ho domu, bytu i terasy<\/h2>\n\t\t\t<p>Tradi\u010dn\u00ed st\u00edn\u011bn\u00ed kombinujeme s modern\u00edmi technologiemi pro bezkonkuren\u010dn\u00ed efektivitu a udr\u017eitelnost. Prozkoumejte na\u0161i nab\u00eddku a vyberte si dokonal\u00e9 st\u00edn\u011bn\u00ed p\u0159esn\u011b pro sebe.<\/p>\n\t\t<\/div>\n\n\t\t<div class=\"row d-none d-lg-flex\">\n\t\t\t<div class=\"col-6 col-md-6\">\n\t\t\t\t<a  href=\"https:\/\/www.zaluzienz.sk\/cs\/vonkajsie-tienenie\/\" class=\"home-products__item home-products__item--big  h-100 click_view_banner_product lazyload\"\n\t\t\t\tstyle=\"background-image:inherit\"\n\t\t\t\t data-bg-image=\"url(&#039;https:\/\/www.zaluzienz.sk\/wp-content\/uploads\/sites\/69\/2025\/05\/Z-90-950x600-1-924x584.jpg&#039;)\">\n\t\t\t\t\t<div class=\"home-products__item__content \">\n\t\t\t\t\t\t<div>\n\t\t\t\t\t\t<h3>VONKAJ\u0160IE TIENENIE<\/h3>\n\t\t\t\t\t\t<p>To najefekt\u00edvnej\u0161ie tienenie pre va\u0161e okn\u00e1<\/p>\n\t\t\t\t\t\t<\/div>\n\t\t\t\t\t\t<p>\n\t\t\t\t\t\t\t<button class=\"button button--primary button--m\">\n\t\t\t\t\t\t\t\tZobrazit<\/button>\n\t\t\t\t\t\t<\/p>\n\t\t\t\t\t<\/div>\n\t\t\t\t<\/a>\n\t\t\t<\/div>\n\t\t\t<div class=\"col-6 col-md-6 col-lg-3\">\n\n\t\t\t\t<a href=\"https:\/\/www.zaluzienz.sk\/cs\/tienenie-na-terasy\/\" class=\"home-products__item home-products__item--bigger click_view_banner_product lazyload\"\n\t\t\t\t\t style=\"background-image:inherit\"\n\t\t\t\t data-bg-image=\"url(&#039;https:\/\/www.zaluzienz.sk\/wp-content\/uploads\/sites\/69\/2025\/05\/Hlinikova-pergola-Lamelino-950x600-1-450x284.jpg&#039;)\">\n\t\t\t\t\t<div class=\"home-products__item__content\">\n\t\t\t\t\t\t<div>\n\t\t\t\t\t\t<h3>TIENENIE NA TERASY<\/h3>\n\t\t\t\t\t\t<p>Roz\u0161\u00edrte svoj domov smerom von<\/p>\n\t\t\t\t\t\t<\/div>\n\t\t\t\t\t\t<p>\n\t\t\t\t\t\t\t<button class=\"button button--primary button--m \">\n\t\t\t\t\t\t\t\tZobrazit<\/button>\n\t\t\t\t\t\t<\/p>\n\t\t\t\t\t<\/div>\n\t\t\t\t<\/a>\n\n\t\t\t\t<a  href=\"https:\/\/www.zaluzienz.sk\/cs\/vnutorne-tienenie\/\" class=\"home-products__item click_view_banner_product lazyload\"\n\t\t\t\t\t style=\"background-image:inherit\" data-bg-image=\"url(&#039;https:\/\/www.zaluzienz.sk\/wp-content\/uploads\/sites\/69\/2025\/05\/Latkova-roleta-Varieta-950x600-1-450x284.jpg&#039;)\">\n\t\t\t\t\t<div class=\"home-products__item__content\">\n\n\t\t\t\t\t\t<div>\n\t\t\t\t\t\t<h3>VN\u00daTORN\u00c9 TIENENIE<\/h3>\n\t\t\t\t\t\t<p>Elegantn\u00e9 a dostupn\u00e9 tienenie pre ka\u017ed\u00fa dom\u00e1cnos\u0165<\/p>\n\t\t\t\t\t\t<\/div>\n\t\t\t\t\t\t<p>\n\t\t\t\t\t\t\t<button class=\"button button--primary button--m \">\n\t\t\t\t\t\t\t\tZobrazit<\/button>\n\t\t\t\t\t\t<\/p>\n\t\t\t\t\t<\/div>\n\t\t\t\t<\/a>\n\t\t\t<\/div>\n\t\t\t<div class=\"col-md-6 col-lg-3\">\n\n\t\t\t\t<a href=\"https:\/\/www.zaluzienz.sk\/cs\/siete-proti-hmyzu\/\" class=\"home-products__item home-products__item--bottom h-100 click_view_banner_product lazyload\"\n\t\t\t\t\t style=\"background-image:inherit\" data-bg-image=\"url(&#039;https:\/\/www.zaluzienz.sk\/wp-content\/uploads\/sites\/69\/2025\/05\/Plise-sit-950x600-1-450x284.jpg&#039;)\">\n\t\t\t\t\t<div class=\"home-products__item__content\">\n\n\t\t\t\t\t\t<div>\n\t\t\t\t\t\t<h3>SIETE PROTI HMYZU<\/h3>\n\t\t\t\t\t\t<p>Chr\u00e1\u0148te sa pred dotierav\u00fdmi n\u00e1v\u0161tevn\u00edkmi<\/p>\n\t\t\t\t\t\t<\/div>\n\t\t\t\t\t\t<p>\n\t\t\t\t\t\t\t<button class=\"button button--primary button--m \">\n\t\t\t\t\t\t\t\tZobrazit<\/button>\n\t\t\t\t\t\t<\/p>\n\t\t\t\t\t<\/div>\n\t\t\t\t<\/a>\n\t\t\t<\/div>\n\t\t<\/div>\n\n\n\t\t<div class=\"row row--2 d-flex d-lg-none\">\n\t\t\t\n\t\t\t<div class=\"col-6\">\n\t\t\t\t<div class=\"home-products__item home-products__item--bottom lazyload\"\n\t\t\t\t\t style=\"background-image:inherit\" data-bg-image=\"url(&#039;https:\/\/www.zaluzienz.sk\/wp-content\/uploads\/sites\/69\/2025\/05\/Z-90-950x600-1-450x284.jpg&#039;)\">\n\t\t\t\t\t<div class=\"home-products__item__content\">\n\n\t\t\t\t\t\t<div>\n\t\t\t\t\t\t\t<h3>VONKAJ\u0160IE TIENENIE<\/h3>\n\t\t\t\t\t\t\t<p>To najefekt\u00edvnej\u0161ie tienenie pre va\u0161e okn\u00e1<\/p>\n\t\t\t\t\t\t<\/div>\n\t\t\t\t\t\t<p class=\"mt-0\">\n\t\t\t\t\t\t\t<a href=\"https:\/\/www.zaluzienz.sk\/cs\/vonkajsie-tienenie\/\" class=\"button button--primary button--arrow button--m\">\n\t\t\t\t\t\t\t<\/a>\n\t\t\t\t\t\t<\/p>\n\t\t\t\t\t<\/div>\n\t\t\t\t<\/div>\n\t\t\t<\/div>\n\t\t\t\n\t\t\t<div class=\"col-6\">\n\t\t\t\t<div class=\"home-products__item home-products__item--bottom lazyload\"\n\t\t\t\t\t style=\"background-image:inherit\" data-bg-image=\"url(&#039;https:\/\/www.zaluzienz.sk\/wp-content\/uploads\/sites\/69\/2025\/05\/Hlinikova-pergola-Lamelino-950x600-1-450x284.jpg&#039;)\">\n\t\t\t\t\t<div class=\"home-products__item__content\">\n\n\t\t\t\t\t\t<div>\n\t\t\t\t\t\t\t<h3>TIENENIE NA TERASY<\/h3>\n\t\t\t\t\t\t\t<p>Roz\u0161\u00edrte svoj domov smerom von<\/p>\n\t\t\t\t\t\t<\/div>\n\t\t\t\t\t\t<p class=\"mt-0\">\n\t\t\t\t\t\t\t<a href=\"https:\/\/www.zaluzienz.sk\/cs\/tienenie-na-terasy\/\" class=\"button button--primary button--arrow button--m\">\n\t\t\t\t\t\t\t<\/a>\n\t\t\t\t\t\t<\/p>\n\t\t\t\t\t<\/div>\n\t\t\t\t<\/div>\n\t\t\t<\/div>\n\t\t\t\n\t\t\t<div class=\"col-6\">\n\t\t\t\t<div class=\"home-products__item home-products__item--bottom lazyload\"\n\t\t\t\t\t style=\"background-image:inherit\" data-bg-image=\"url(&#039;https:\/\/www.zaluzienz.sk\/wp-content\/uploads\/sites\/69\/2025\/05\/Latkova-roleta-Varieta-950x600-1-450x284.jpg&#039;)\">\n\t\t\t\t\t<div class=\"home-products__item__content\">\n\n\t\t\t\t\t\t<div>\n\t\t\t\t\t\t\t<h3>VN\u00daTORN\u00c9 TIENENIE<\/h3>\n\t\t\t\t\t\t\t<p>Elegantn\u00e9 a dostupn\u00e9 tienenie pre ka\u017ed\u00fa dom\u00e1cnos\u0165<\/p>\n\t\t\t\t\t\t<\/div>\n\t\t\t\t\t\t<p class=\"mt-0\">\n\t\t\t\t\t\t\t<a href=\"https:\/\/www.zaluzienz.sk\/cs\/vnutorne-tienenie\/\" class=\"button button--primary button--arrow button--m\">\n\t\t\t\t\t\t\t<\/a>\n\t\t\t\t\t\t<\/p>\n\t\t\t\t\t<\/div>\n\t\t\t\t<\/div>\n\t\t\t<\/div>\n\t\t\t\n\t\t\t<div class=\"col-6\">\n\t\t\t\t<div class=\"home-products__item home-products__item--bottom lazyload\"\n\t\t\t\t\t style=\"background-image:inherit\" data-bg-image=\"url(&#039;https:\/\/www.zaluzienz.sk\/wp-content\/uploads\/sites\/69\/2025\/05\/Plise-sit-950x600-1-450x284.jpg&#039;)\">\n\t\t\t\t\t<div class=\"home-products__item__content\">\n\n\t\t\t\t\t\t<div>\n\t\t\t\t\t\t\t<h3>SIETE PROTI HMYZU<\/h3>\n\t\t\t\t\t\t\t<p>Chr\u00e1\u0148te sa pred dotierav\u00fdmi n\u00e1v\u0161tevn\u00edkmi<\/p>\n\t\t\t\t\t\t<\/div>\n\t\t\t\t\t\t<p class=\"mt-0\">\n\t\t\t\t\t\t\t<a href=\"https:\/\/www.zaluzienz.sk\/cs\/siete-proti-hmyzu\/\" class=\"button button--primary button--arrow button--m\">\n\t\t\t\t\t\t\t<\/a>\n\t\t\t\t\t\t<\/p>\n\t\t\t\t\t<\/div>\n\t\t\t\t<\/div>\n\t\t\t<\/div>\n\t\t\t\t\t<\/div>\n\t<\/div>\n<\/section>\n\n\n\n<section class=\"home-article-links\">\n\t<div class=\"container container--xl\">\n\t\t<div class=\"row\">\n\t\t\t<div class=\"col-md-6\">\n\t\t\t\t<a href=\"https:\/\/www.zaluzienz.sk\/mobilna-ar-aplikacia-climax\/\" class=\"home-article-links__item lazyload\"\n\n\t\t\t\t\t\t\t\t\tstyle=\"background-image:inherit\" data-bg-image=\"url(&#039;https:\/\/www.zaluzienz.sk\/wp-content\/uploads\/sites\/69\/2025\/01\/AR-Climax_1200x628-924x484.jpg&#039;)\">\n\t\t\t\t\t\t\t\t\t<div class=\"home-article-links__item__content\">\n\t\t\t\t\t\t<h2>Tienenie vo va\u0161om mobile<\/h2>\n\t\t\t\t\t\t<p>\n\t\t\t\t\t\t\tVysk\u00fa\u0161ajte si tienenie priamo na svojom dome e\u0161te pred zak\u00fapen\u00edm. M\u00e1me aplik\u00e1ciu s virtu\u00e1lnou realitou.\t\t\t\t\t\t<\/p>\n\t\t\t\t\t\t<p>\n\t\t\t\t\t\t\t<button class=\"button button--l button--secondary--azure\">\n\t\t\t\t\t\t\t\tViac o aplik\u00e1cii CLIMAX\t\t\t\t\t\t\t<\/>\n\t\t\t\t\t\t<\/p>\n\t\t\t\t\t<\/div>\n\t\t\t\t<\/a>\n\t\t\t<\/div>\n\t\t\t<div class=\"col-md-6\">\n\t\t\t\t<a href=\"https:\/\/www.zaluzienz.sk\/cs\/obnov-dom\/\" class=\"home-article-links__item home-article-links__item--nzu lazyload\"\n\n\t\t\t\t\t\t\t\t\t\t style=\"background-image:inherit\" data-bg-image=\"url(&#039;https:\/\/www.zaluzienz.sk\/wp-content\/uploads\/sites\/69\/2025\/06\/https___intranet.climax.cz_files_files_vlakna_1680182204_obnov-dom-climax-924x480.jpg&#039;)\">\n\t\t\t\t\t\t\t\t\t\t<div class=\"home-article-links__item__content\">\n\t\t\t\t\t\t<h2>Obnov dom<\/h2>\n\t\t\t\t\t\t<p>\n\t\t\t\t\t\t\tZaobstarajte si tieniacu techniku \u200b\u200bs dot\u00e1ciou. Zhrnuli sme pre v\u00e1s v\u0161etky d\u00f4le\u017eit\u00e9 inform\u00e1cie.\t\t\t\t\t\t<\/p>\n\t\t\t\t\t\t<p>\n\t\t\t\t\t\t\t<button class=\"button button--l button--secondary--azure\">\n\t\t\t\t\t\t\t\tViac o dot\u00e1ci\u00e1ch\t\t\t\t\t\t\t<\/button>\n\t\t\t\t\t\t<\/p>\n\t\t\t\t\t<\/div>\n\t\t\t\t<\/a>\n\t\t\t<\/div>\n\t\t<\/div>\n\t<\/div>\n<\/section>\n\n\n<div>\n\t<div class=\"container\">\n\n\t\t","protected":false},"excerpt":{"rendered":"","protected":false},"author":1,"featured_media":0,"parent":0,"menu_order":0,"comment_status":"closed","ping_status":"closed","template":"","meta":{"_acf_changed":false,"inline_featured_image":false,"footnotes":""},"class_list":["post-1940","page","type-page","status-publish","hentry"],"acf":[],"yoast_head":"<!-- This site is optimized with the Yoast SEO Premium plugin v25.8 (Yoast SEO v27.2) - https:\/\/yoast.com\/product\/yoast-seo-premium-wordpress\/ -->\n<title>\u00davod - Svet okien<\/title>\n<meta name=\"robots\" content=\"index, follow, max-snippet:-1, max-image-preview:large, max-video-preview:-1\" \/>\n<link rel=\"canonical\" href=\"https:\/\/www.zaluzienz.sk\/cs\/\" \/>\n<meta property=\"og:locale\" content=\"cs_CZ\" \/>\n<meta property=\"og:type\" content=\"article\" \/>\n<meta property=\"og:title\" content=\"\u00davod\" \/>\n<meta property=\"og:url\" content=\"https:\/\/www.zaluzienz.sk\/cs\/\" \/>\n<meta property=\"og:site_name\" content=\"Svet okien\" \/>\n<meta property=\"article:modified_time\" content=\"2025-08-12T11:30:19+00:00\" \/>\n<meta name=\"twitter:card\" content=\"summary_large_image\" \/>\n<meta name=\"twitter:label1\" content=\"Odhadovan\u00e1 doba \u010dten\u00ed\" \/>\n\t<meta name=\"twitter:data1\" content=\"1 minuta\" \/>\n<script type=\"application\/ld+json\" class=\"yoast-schema-graph\">{\"@context\":\"https:\/\/schema.org\",\"@graph\":[{\"@type\":\"WebPage\",\"@id\":\"https:\/\/www.zaluzienz.sk\/cs\/\",\"url\":\"https:\/\/www.zaluzienz.sk\/cs\/\",\"name\":\"\u00davod - Svet okien\",\"isPartOf\":{\"@id\":\"https:\/\/www.zaluzienz.sk\/cs\/#website\"},\"datePublished\":\"2025-01-04T16:40:40+00:00\",\"dateModified\":\"2025-08-12T11:30:19+00:00\",\"breadcrumb\":{\"@id\":\"https:\/\/www.zaluzienz.sk\/cs\/#breadcrumb\"},\"inLanguage\":\"cs\",\"potentialAction\":[{\"@type\":\"ReadAction\",\"target\":[\"https:\/\/www.zaluzienz.sk\/cs\/\"]}]},{\"@type\":\"BreadcrumbList\",\"@id\":\"https:\/\/www.zaluzienz.sk\/cs\/#breadcrumb\",\"itemListElement\":[{\"@type\":\"ListItem\",\"position\":1,\"name\":\"Dom\u016f\",\"item\":\"https:\/\/www.zaluzienz.sk\/cs\/uvod\/\"},{\"@type\":\"ListItem\",\"position\":2,\"name\":\"\u00davod\"}]},{\"@type\":\"WebSite\",\"@id\":\"https:\/\/www.zaluzienz.sk\/cs\/#website\",\"url\":\"https:\/\/www.zaluzienz.sk\/cs\/\",\"name\":\"Svet okien\",\"description\":\"\",\"potentialAction\":[{\"@type\":\"SearchAction\",\"target\":{\"@type\":\"EntryPoint\",\"urlTemplate\":\"https:\/\/www.zaluzienz.sk\/cs\/?s={search_term_string}\"},\"query-input\":{\"@type\":\"PropertyValueSpecification\",\"valueRequired\":true,\"valueName\":\"search_term_string\"}}],\"inLanguage\":\"cs\"}]}<\/script>\n<!-- \/ Yoast SEO Premium plugin. -->","yoast_head_json":{"title":"\u00davod - Svet okien","robots":{"index":"index","follow":"follow","max-snippet":"max-snippet:-1","max-image-preview":"max-image-preview:large","max-video-preview":"max-video-preview:-1"},"canonical":"https:\/\/www.zaluzienz.sk\/cs\/","og_locale":"cs_CZ","og_type":"article","og_title":"\u00davod","og_url":"https:\/\/www.zaluzienz.sk\/cs\/","og_site_name":"Svet okien","article_modified_time":"2025-08-12T11:30:19+00:00","twitter_card":"summary_large_image","twitter_misc":{"Odhadovan\u00e1 doba \u010dten\u00ed":"1 minuta"},"schema":{"@context":"https:\/\/schema.org","@graph":[{"@type":"WebPage","@id":"https:\/\/www.zaluzienz.sk\/cs\/","url":"https:\/\/www.zaluzienz.sk\/cs\/","name":"\u00davod - Svet okien","isPartOf":{"@id":"https:\/\/www.zaluzienz.sk\/cs\/#website"},"datePublished":"2025-01-04T16:40:40+00:00","dateModified":"2025-08-12T11:30:19+00:00","breadcrumb":{"@id":"https:\/\/www.zaluzienz.sk\/cs\/#breadcrumb"},"inLanguage":"cs","potentialAction":[{"@type":"ReadAction","target":["https:\/\/www.zaluzienz.sk\/cs\/"]}]},{"@type":"BreadcrumbList","@id":"https:\/\/www.zaluzienz.sk\/cs\/#breadcrumb","itemListElement":[{"@type":"ListItem","position":1,"name":"Dom\u016f","item":"https:\/\/www.zaluzienz.sk\/cs\/uvod\/"},{"@type":"ListItem","position":2,"name":"\u00davod"}]},{"@type":"WebSite","@id":"https:\/\/www.zaluzienz.sk\/cs\/#website","url":"https:\/\/www.zaluzienz.sk\/cs\/","name":"Svet okien","description":"","potentialAction":[{"@type":"SearchAction","target":{"@type":"EntryPoint","urlTemplate":"https:\/\/www.zaluzienz.sk\/cs\/?s={search_term_string}"},"query-input":{"@type":"PropertyValueSpecification","valueRequired":true,"valueName":"search_term_string"}}],"inLanguage":"cs"}]}},"_links":{"self":[{"href":"https:\/\/www.zaluzienz.sk\/cs\/wp-json\/wp\/v2\/pages\/1940","targetHints":{"allow":["GET"]}}],"collection":[{"href":"https:\/\/www.zaluzienz.sk\/cs\/wp-json\/wp\/v2\/pages"}],"about":[{"href":"https:\/\/www.zaluzienz.sk\/cs\/wp-json\/wp\/v2\/types\/page"}],"author":[{"embeddable":true,"href":"https:\/\/www.zaluzienz.sk\/cs\/wp-json\/wp\/v2\/users\/1"}],"replies":[{"embeddable":true,"href":"https:\/\/www.zaluzienz.sk\/cs\/wp-json\/wp\/v2\/comments?post=1940"}],"version-history":[{"count":4,"href":"https:\/\/www.zaluzienz.sk\/cs\/wp-json\/wp\/v2\/pages\/1940\/revisions"}],"predecessor-version":[{"id":19584,"href":"https:\/\/www.zaluzienz.sk\/cs\/wp-json\/wp\/v2\/pages\/1940\/revisions\/19584"}],"wp:attachment":[{"href":"https:\/\/www.zaluzienz.sk\/cs\/wp-json\/wp\/v2\/media?parent=1940"}],"curies":[{"name":"wp","href":"https:\/\/api.w.org\/{rel}","templated":true}]}}